{"id":61,"date":"2026-01-11T17:21:37","date_gmt":"2026-01-11T16:21:37","guid":{"rendered":"https:\/\/vulix.pl\/?page_id=61"},"modified":"2026-01-11T17:21:38","modified_gmt":"2026-01-11T16:21:38","slug":"o-nas","status":"publish","type":"page","link":"https:\/\/vulix.pl\/?page_id=61","title":{"rendered":"O nas"},"content":{"rendered":"\n<p>Marka VULIX jest cz\u0119\u015bci\u0105 grupy MACTERM, specjalizuj\u0105cej si\u0119 w nowoczesnych systemach hydroizolacyjnych.Posiadamy do\u015bwiadczenie w realizacji projekt\u00f3w dla klient\u00f3w indywidualnych, firm oraz wsp\u00f3lnot mieszkaniowych.Naszym celem jest skuteczna ochrona budynk\u00f3w przed wilgoci\u0105, wod\u0105 oraz uszkodzeniami konstrukcyjnymi.Stawiamy na solidne wykonanie  \u2013 sprawdzone technologie  \u2013 trwa\u0142e materia\u0142y  \u2013 profesjonalne podej\u015bcie  Ka\u017cd\u0105 realizacj\u0119 traktujemy indywidualnie, dbaj\u0105c o najwy\u017csz\u0105 jako\u015b\u0107 i zadowolenie klienta.<\/p>\n\n\n\n<figure class=\"wp-block-gallery has-nested-images columns-default is-cropped wp-block-gallery-1 is-layout-flex wp-block-gallery-is-layout-flex\"><\/figure>\n","protected":false},"excerpt":{"rendered":"<p>Marka VULIX jest cz\u0119\u015bci\u0105 grupy MACTERM, specjalizuj\u0105cej si\u0119 w nowoczesnych systemach hydroizolacyjnych.Posiadamy do\u015bwiadczenie w realizacji projekt\u00f3w dla klient\u00f3w indywidualnych, firm [&hellip;]<\/p>\n","protected":false},"author":1,"featured_media":0,"parent":0,"menu_order":0,"comment_status":"closed","ping_status":"closed","template":"","meta":{"site-sidebar-layout":"default","site-content-layout":"","ast-site-content-layout":"default","site-content-style":"default","site-sidebar-style":"default","ast-global-header-display":"","ast-banner-title-visibility":"","ast-main-header-display":"","ast-hfb-above-header-display":"","ast-hfb-below-header-display":"","ast-hfb-mobile-header-display":"","site-post-title":"","ast-breadcrumbs-content":"","ast-featured-img":"","footer-sml-layout":"","ast-disable-related-posts":"","theme-transparent-header-meta":"","adv-header-id-meta":"","stick-header-meta":"","header-above-stick-meta":"","header-main-stick-meta":"","header-below-stick-meta":"","astra-migrate-meta-layouts":"default","ast-page-background-enabled":"default","ast-page-background-meta":{"desktop":{"background-color":"var(--ast-global-color-5)","background-image":"","background-repeat":"repeat","background-position":"center center","background-size":"auto","background-attachment":"scroll","background-type":"","background-media":"","overlay-type":"","overlay-color":"","overlay-opacity":"","overlay-gradient":""},"tablet":{"background-color":"","background-image":"","background-repeat":"repeat","background-position":"center center","background-size":"auto","background-attachment":"scroll","background-type":"","background-media":"","overlay-type":"","overlay-color":"","overlay-opacity":"","overlay-gradient":""},"mobile":{"background-color":"","background-image":"","background-repeat":"repeat","background-position":"center center","background-size":"auto","background-attachment":"scroll","background-type":"","background-media":"","overlay-type":"","overlay-color":"","overlay-opacity":"","overlay-gradient":""}},"ast-content-background-meta":{"desktop":{"background-color":"var(--ast-global-color-4)","background-image":"","background-repeat":"repeat","background-position":"center center","background-size":"auto","background-attachment":"scroll","background-type":"","background-media":"","overlay-type":"","overlay-color":"","overlay-opacity":"","overlay-gradient":""},"tablet":{"background-color":"var(--ast-global-color-4)","background-image":"","background-repeat":"repeat","background-position":"center center","background-size":"auto","background-attachment":"scroll","background-type":"","background-media":"","overlay-type":"","overlay-color":"","overlay-opacity":"","overlay-gradient":""},"mobile":{"background-color":"var(--ast-global-color-4)","background-image":"","background-repeat":"repeat","background-position":"center center","background-size":"auto","background-attachment":"scroll","background-type":"","background-media":"","overlay-type":"","overlay-color":"","overlay-opacity":"","overlay-gradient":""}},"footnotes":""},"class_list":["post-61","page","type-page","status-publish","hentry"],"yoast_head":"<!-- This site is optimized with the Yoast SEO plugin v26.7 - https:\/\/yoast.com\/wordpress\/plugins\/seo\/ -->\n<title>O nas - Vulix.pl<\/title>\n<meta name=\"robots\" content=\"index, follow, max-snippet:-1, max-image-preview:large, max-video-preview:-1\" \/>\n<link rel=\"canonical\" href=\"https:\/\/vulix.pl\/?page_id=61\" \/>\n<meta property=\"og:locale\" content=\"pl_PL\" \/>\n<meta property=\"og:type\" content=\"article\" \/>\n<meta property=\"og:title\" content=\"O nas - Vulix.pl\" \/>\n<meta property=\"og:description\" content=\"Marka VULIX jest cz\u0119\u015bci\u0105 grupy MACTERM, specjalizuj\u0105cej si\u0119 w nowoczesnych systemach hydroizolacyjnych.Posiadamy do\u015bwiadczenie w realizacji projekt\u00f3w dla klient\u00f3w indywidualnych, firm [&hellip;]\" \/>\n<meta property=\"og:url\" content=\"https:\/\/vulix.pl\/?page_id=61\" \/>\n<meta property=\"og:site_name\" content=\"Vulix.pl\" \/>\n<meta property=\"article:modified_time\" content=\"2026-01-11T16:21:38+00:00\" \/>\n<meta name=\"twitter:card\" content=\"summary_large_image\" \/>\n<meta name=\"twitter:label1\" content=\"Szacowany czas czytania\" \/>\n\t<meta name=\"twitter:data1\" content=\"1 minuta\" \/>\n<script type=\"application\/ld+json\" class=\"yoast-schema-graph\">{\"@context\":\"https:\/\/schema.org\",\"@graph\":[{\"@type\":\"WebPage\",\"@id\":\"https:\/\/vulix.pl\/?page_id=61\",\"url\":\"https:\/\/vulix.pl\/?page_id=61\",\"name\":\"O nas - Vulix.pl\",\"isPartOf\":{\"@id\":\"https:\/\/vulix.pl\/#website\"},\"datePublished\":\"2026-01-11T16:21:37+00:00\",\"dateModified\":\"2026-01-11T16:21:38+00:00\",\"breadcrumb\":{\"@id\":\"https:\/\/vulix.pl\/?page_id=61#breadcrumb\"},\"inLanguage\":\"pl-PL\",\"potentialAction\":[{\"@type\":\"ReadAction\",\"target\":[\"https:\/\/vulix.pl\/?page_id=61\"]}]},{\"@type\":\"BreadcrumbList\",\"@id\":\"https:\/\/vulix.pl\/?page_id=61#breadcrumb\",\"itemListElement\":[{\"@type\":\"ListItem\",\"position\":1,\"name\":\"Strona g\u0142\u00f3wna\",\"item\":\"https:\/\/vulix.pl\/\"},{\"@type\":\"ListItem\",\"position\":2,\"name\":\"O nas\"}]},{\"@type\":\"WebSite\",\"@id\":\"https:\/\/vulix.pl\/#website\",\"url\":\"https:\/\/vulix.pl\/\",\"name\":\"Vulix.pl\",\"description\":\"\",\"potentialAction\":[{\"@type\":\"SearchAction\",\"target\":{\"@type\":\"EntryPoint\",\"urlTemplate\":\"https:\/\/vulix.pl\/?s={search_term_string}\"},\"query-input\":{\"@type\":\"PropertyValueSpecification\",\"valueRequired\":true,\"valueName\":\"search_term_string\"}}],\"inLanguage\":\"pl-PL\"}]}<\/script>\n<!-- \/ Yoast SEO plugin. -->","yoast_head_json":{"title":"O nas - Vulix.pl","robots":{"index":"index","follow":"follow","max-snippet":"max-snippet:-1","max-image-preview":"max-image-preview:large","max-video-preview":"max-video-preview:-1"},"canonical":"https:\/\/vulix.pl\/?page_id=61","og_locale":"pl_PL","og_type":"article","og_title":"O nas - Vulix.pl","og_description":"Marka VULIX jest cz\u0119\u015bci\u0105 grupy MACTERM, specjalizuj\u0105cej si\u0119 w nowoczesnych systemach hydroizolacyjnych.Posiadamy do\u015bwiadczenie w realizacji projekt\u00f3w dla klient\u00f3w indywidualnych, firm [&hellip;]","og_url":"https:\/\/vulix.pl\/?page_id=61","og_site_name":"Vulix.pl","article_modified_time":"2026-01-11T16:21:38+00:00","twitter_card":"summary_large_image","twitter_misc":{"Szacowany czas czytania":"1 minuta"},"schema":{"@context":"https:\/\/schema.org","@graph":[{"@type":"WebPage","@id":"https:\/\/vulix.pl\/?page_id=61","url":"https:\/\/vulix.pl\/?page_id=61","name":"O nas - Vulix.pl","isPartOf":{"@id":"https:\/\/vulix.pl\/#website"},"datePublished":"2026-01-11T16:21:37+00:00","dateModified":"2026-01-11T16:21:38+00:00","breadcrumb":{"@id":"https:\/\/vulix.pl\/?page_id=61#breadcrumb"},"inLanguage":"pl-PL","potentialAction":[{"@type":"ReadAction","target":["https:\/\/vulix.pl\/?page_id=61"]}]},{"@type":"BreadcrumbList","@id":"https:\/\/vulix.pl\/?page_id=61#breadcrumb","itemListElement":[{"@type":"ListItem","position":1,"name":"Strona g\u0142\u00f3wna","item":"https:\/\/vulix.pl\/"},{"@type":"ListItem","position":2,"name":"O nas"}]},{"@type":"WebSite","@id":"https:\/\/vulix.pl\/#website","url":"https:\/\/vulix.pl\/","name":"Vulix.pl","description":"","potentialAction":[{"@type":"SearchAction","target":{"@type":"EntryPoint","urlTemplate":"https:\/\/vulix.pl\/?s={search_term_string}"},"query-input":{"@type":"PropertyValueSpecification","valueRequired":true,"valueName":"search_term_string"}}],"inLanguage":"pl-PL"}]}},"_links":{"self":[{"href":"https:\/\/vulix.pl\/index.php?rest_route=\/wp\/v2\/pages\/61","targetHints":{"allow":["GET"]}}],"collection":[{"href":"https:\/\/vulix.pl\/index.php?rest_route=\/wp\/v2\/pages"}],"about":[{"href":"https:\/\/vulix.pl\/index.php?rest_route=\/wp\/v2\/types\/page"}],"author":[{"embeddable":true,"href":"https:\/\/vulix.pl\/index.php?rest_route=\/wp\/v2\/users\/1"}],"replies":[{"embeddable":true,"href":"https:\/\/vulix.pl\/index.php?rest_route=%2Fwp%2Fv2%2Fcomments&post=61"}],"version-history":[{"count":1,"href":"https:\/\/vulix.pl\/index.php?rest_route=\/wp\/v2\/pages\/61\/revisions"}],"predecessor-version":[{"id":62,"href":"https:\/\/vulix.pl\/index.php?rest_route=\/wp\/v2\/pages\/61\/revisions\/62"}],"wp:attachment":[{"href":"https:\/\/vulix.pl\/index.php?rest_route=%2Fwp%2Fv2%2Fmedia&parent=61"}],"curies":[{"name":"wp","href":"https:\/\/api.w.org\/{rel}","templated":true}]}}